{"id":8909,"date":"2023-10-03T15:39:48","date_gmt":"2023-10-03T15:39:48","guid":{"rendered":"https:\/\/hogarius.com\/cambio-de-cerradura-barcelona\/"},"modified":"2023-10-03T15:39:48","modified_gmt":"2023-10-03T15:39:48","slug":"cambio-de-cerradura-barcelona","status":"publish","type":"page","link":"https:\/\/hogarius.com\/en\/cambio-de-cerradura-barcelona\/","title":{"rendered":"Cambio de cerradura Barcelona  648879140"},"content":{"rendered":"<section class=\"l-section wpb_row height_medium full_height valign_center color_primary with_slider\"><div class=\"l-section-slider\"><div class=\"w-slider style_none fit_cover\"><div class=\"w-slider-h\"><div class=\"royalSlider\"><div class=\"rsContent\"><a class=\"rsImg\" data-rsw=\"1280\" data-rsh=\"1024\" href=\"https:\/\/hogarius.com\/wp-content\/uploads\/2023\/10\/door-handle-432289_1280.jpg\"><span data-alt=\"\"><\/span><\/a><\/div><div class=\"rsContent\"><a class=\"rsImg\" data-rsw=\"1280\" data-rsh=\"720\" href=\"https:\/\/hogarius.com\/wp-content\/uploads\/2023\/10\/key-3348307_1280.jpg\"><span data-alt=\"\"><\/span><\/a><\/div><div class=\"rsContent\"><a class=\"rsImg\" data-rsw=\"1280\" data-rsh=\"853\" href=\"https:\/\/hogarius.com\/wp-content\/uploads\/2023\/10\/house-1407562_1280.jpg\"><span data-alt=\"\"><\/span><\/a><\/div><\/div><img decoding=\"async\" src=\"https:\/\/hogarius.com\/wp-content\/uploads\/2023\/10\/door-handle-432289_1280.jpg\" width=\"1280\" height=\"1024\" alt loading=\"lazy\"><\/div><div class=\"w-slider-json\" onclick='return {&quot;autoScaleSlider&quot;:true,&quot;loop&quot;:true,&quot;fadeInLoadedSlide&quot;:false,&quot;slidesSpacing&quot;:0,&quot;imageScalePadding&quot;:0,&quot;numImagesToPreload&quot;:2,&quot;arrowsNav&quot;:false,&quot;arrowsNavAutoHide&quot;:false,&quot;transitionType&quot;:&quot;fade&quot;,&quot;transitionSpeed&quot;:800,&quot;block&quot;:{&quot;moveEffect&quot;:&quot;none&quot;,&quot;speed&quot;:300},&quot;thumbs&quot;:{&quot;fitInViewport&quot;:false},&quot;controlNavigation&quot;:&quot;none&quot;,&quot;autoplay&quot;:{&quot;enabled&quot;:true,&quot;pauseOnHover&quot;:false,&quot;delay&quot;:3000},&quot;imageScaleMode&quot;:&quot;fill&quot;,&quot;autoScaleSliderWidth&quot;:1280,&quot;autoScaleSliderHeight&quot;:1024}'><\/div><\/div><\/div><div class=\"l-section-overlay\" style=\"background:rgba(0,0,0,0.60)\"><\/div><div class=\"l-section-h i-cf\"><div class=\"g-cols vc_row via_grid cols_1 laptops-cols_inherit tablets-cols_inherit mobiles-cols_1 valign_top type_default stacking_default\"><div class=\"wpb_column vc_column_container\"><div class=\"vc_column-inner\"><h1 class=\"w-text us_custom_1f257949\"><span class=\"w-text-h\"><span class=\"w-text-value\">Cambio de Cerradura Barcelona Urgente<\/span><\/span><\/h1><div class=\"wpb_text_column\"><div class=\"wpb_wrapper\"><p>\u00bfNecesitas Cambiar tu Cerradura en Barcelona? \u00a1Est\u00e1s en el Lugar Correcto!, Ofrecemos un servicio personalizado que se ajusta a cada uno de nuestros clientes. Atenci\u00f3n inmediata 24 horas.<\/p>\n<\/div><\/div><div class=\"w-separator size_small\"><\/div><div class=\"w-btn-wrapper align_left\"><a class=\"w-btn us-btn-style_1\" href=\"#1\"><span class=\"w-btn-label\">Con\u00f3cenos<\/span><\/a><\/div><\/div><\/div><\/div><\/div><\/section><section class=\"l-section wpb_row height_custom\" id=\"1\"><div class=\"l-section-h i-cf\"><div class=\"g-cols vc_row via_grid cols_1 laptops-cols_inherit tablets-cols_inherit mobiles-cols_1 valign_top type_default stacking_default\"><div class=\"wpb_column vc_column_container\"><div class=\"vc_column-inner\"><div class=\"wpb_text_column\"><div class=\"wpb_wrapper\"><h2 style=\"text-align: center;\"><span style=\"font-weight: 400;\">\u00bfPor qu\u00e9 Cambiar tu Cerradura?<\/span><\/h2>\n<p style=\"text-align: center;\">La seguridad de tu hogar es esencial. Las cerraduras son el principal mecanismo de defensa contra robos y, con el tiempo, pueden volverse obsoletas o da\u00f1arse. Seg\u00fan expertos en cerrajer\u00eda, alrededor del 80% de las cerraduras instaladas est\u00e1n obsoletas, lo que las hace vulnerables. Adem\u00e1s, si has perdido tus llaves o han sido robadas, cambiar la cerradura es una decisi\u00f3n inteligente para garantizar la seguridad de tu hogar.<\/p>\n<p style=\"text-align: center;\"><strong>Asegura tu hogar y protege a tu familia. Contacta con nosotros y solicita un presupuesto sin compromiso. \u00a1Te esperamos!<\/strong><\/p>\n<\/div><\/div><div class=\"w-separator size_medium with_line width_30 thick_1 style_solid color_border align_center with_content\"><div class=\"w-separator-h\"><i class=\"far fa-star\"><\/i><\/div><\/div><div class=\"g-cols wpb_row via_grid cols_3 laptops-cols_inherit tablets-cols_inherit mobiles-cols_1 valign_top type_default stacking_default\" style=\"--gap:3rem;\"><div class=\"wpb_column vc_column_container us_custom_6b8488a0 has_text_color has_bg_color\"><div class=\"vc_column-overlay\" style=\"background:#32beeb\"><\/div><div class=\"vc_column-inner\"><div class=\"w-iconbox us_custom_7cdf484d iconpos_top style_outlined color_contrast align_center no_text\"><div class=\"w-iconbox-icon\" style=\"font-size:2rem;\"><i class=\"fas fa-heart\"><\/i><\/div><div class=\"w-iconbox-meta\"><div class=\"w-iconbox-title\">Confianza<\/div><\/div><\/div><div class=\"wpb_text_column us_custom_5c579657\"><div class=\"wpb_wrapper\"><p style=\"text-align: center;\">Nuestra filosof\u00eda es ofrecer los mejores servicios con la mayor calidad, haciendo un trabajo limpio, ordenado y con un acabado perfecto. Realizamos todos los proyectos como si se realizaran en nuestro propio hogar, respetando la privacidad y el cuidado de todos nuestros clientes.<\/p>\n<\/div><\/div><\/div><\/div><div class=\"wpb_column vc_column_container us_custom_5d0bb050 has_text_color has_bg_color\"><div class=\"vc_column-overlay\" style=\"background:#32beeb\"><\/div><div class=\"vc_column-inner\"><div class=\"w-iconbox us_custom_7cdf484d iconpos_top style_outlined color_contrast align_center no_text\"><div class=\"w-iconbox-icon\" style=\"font-size:2rem;\"><i class=\"fas fa-users\"><\/i><\/div><div class=\"w-iconbox-meta\"><div class=\"w-iconbox-title\">Equipo<\/div><\/div><\/div><div class=\"wpb_text_column us_custom_5c579657\"><div class=\"wpb_wrapper\"><p style=\"text-align: center;\">Disponemos de los mejores profesionales especializados en cada sector, de esta manera podemos ofrecer el mejor servicio con los mejores resultados. Trabajamos con personal cualificado y certificado.<\/p>\n<\/div><\/div><\/div><\/div><div class=\"wpb_column vc_column_container us_custom_69004757 has_text_color has_bg_color\"><div class=\"vc_column-overlay\" style=\"background:#32beeb\"><\/div><div class=\"vc_column-inner\"><div class=\"w-iconbox us_custom_7cdf484d iconpos_top style_outlined color_contrast align_center no_text\"><div class=\"w-iconbox-icon\" style=\"font-size:2rem;\"><i class=\"fas fa-handshake\"><\/i><\/div><div class=\"w-iconbox-meta\"><div class=\"w-iconbox-title\">Profesionalidad<\/div><\/div><\/div><div class=\"wpb_text_column us_custom_5c579657\"><div class=\"wpb_wrapper\"><p style=\"text-align: center;\">Tenemos m\u00e1s de 10 a\u00f1os de experiencia en el sector de las reformas, esto nos ha permitido aprender y crecer, en este punto podemos asegurar un servicio de calidad, tanto a nivel de trabajo como de atenci\u00f3n al cliente.<\/p>\n<\/div><\/div><\/div><\/div><\/div><\/div><\/div><\/div><\/div><\/section><section class=\"l-section wpb_row height_custom\"><div class=\"l-section-h i-cf\"><div class=\"g-cols vc_row via_grid cols_1 laptops-cols_inherit tablets-cols_inherit mobiles-cols_1 valign_top type_default stacking_default\"><div class=\"wpb_column vc_column_container\"><div class=\"vc_column-inner\"><div class=\"wpb_text_column\"><div class=\"wpb_wrapper\"><h2 style=\"text-align: center;\">\u00bfCu\u00e1nto Cuesta Cambiar una Cerradura?<\/h2>\n<p style=\"text-align: center;\">El costo de cambiar una cerradura var\u00eda seg\u00fan el tipo y la complejidad de la instalaci\u00f3n. Una cerradura convencional puede costar entre 80 y 100 euros, mientras que las cerraduras de seguridad pueden tener un costo alrededor de los 200 euros. Si tu puerta es blindada o acorazada, el costo puede ser de 300 euros o m\u00e1s. Es importante tener en cuenta que el precio tambi\u00e9n depende del cerrajero y de la localidad.<\/p>\n<p style=\"text-align: center;\">\u00a0<\/p>\n<\/div><\/div><div class=\"w-separator size_small\"><\/div><div class=\"w-image style_shadow-2 has_ratio align_none\"><div class=\"w-image-h\"><div style=\"padding-bottom:42.8571%\"><\/div><div class=\"w-image-shadow\" style=\"background-image:url(https:\/\/hogarius.com\/wp-content\/uploads\/2023\/10\/house-1407562_1280-1024x682.jpg);\"><\/div><img decoding=\"async\" width=\"1024\" height=\"682\" src=\"https:\/\/hogarius.com\/wp-content\/uploads\/2023\/10\/house-1407562_1280-1024x682.jpg\" class=\"attachment-large size-large\" alt=\"\" loading=\"lazy\" srcset=\"https:\/\/hogarius.com\/wp-content\/uploads\/2023\/10\/house-1407562_1280-1024x682.jpg 1024w, https:\/\/hogarius.com\/wp-content\/uploads\/2023\/10\/house-1407562_1280-300x200.jpg 300w, https:\/\/hogarius.com\/wp-content\/uploads\/2023\/10\/house-1407562_1280.jpg 1280w\" sizes=\"auto, (max-width: 1024px) 100vw, 1024px\" \/><\/div><\/div><div class=\"w-separator size_small\"><\/div><div class=\"w-separator size_medium with_line width_30 thick_1 style_solid color_text align_center with_content\"><div class=\"w-separator-h\"><i class=\"far fa-star\"><\/i><\/div><\/div><div class=\"wpb_text_column\"><div class=\"wpb_wrapper\"><h2 style=\"text-align: center;\">\u00bfEl Seguro Cubre el Cambio de Cerradura?<\/h2>\n<p style=\"text-align: center;\">No todos los seguros ofrecen cobertura de cerrajer\u00eda. Si has sido v\u00edctima de un robo o has perdido tus llaves, es posible que tu seguro cubra el cambio de cerradura. Sin embargo, es esencial verificar con tu aseguradora y cumplir con los requisitos necesarios, como presentar una denuncia en la comisar\u00eda.<\/p>\n<h2 style=\"text-align: center;\">\u00bfPor qu\u00e9 Elegirnos?<\/h2>\n<ul>\n<li>\n<p><strong>Experiencia:<\/strong> Contamos con cerrajeros expertos en Barcelona que te ofrecer\u00e1n una excelente relaci\u00f3n precio-calidad.<\/p>\n<\/li>\n<li>\n<p><strong>Asesoramiento:<\/strong> Te ayudamos a elegir la cerradura que mejor se adapte a tus necesidades y presupuesto.<\/p>\n<\/li>\n<li>\n<p><strong>Servicio 24\/7:<\/strong> Estamos disponibles las 24 horas del d\u00eda para atender emergencias.<\/p>\n<\/li>\n<\/ul>\n<p style=\"text-align: center;\">\u00a0<\/p>\n<\/div><\/div><\/div><\/div><\/div><\/div><\/section><section class=\"l-section wpb_row height_custom color_alternate\" id=\"2\"><div class=\"l-section-h i-cf\"><div class=\"g-cols vc_row via_grid cols_1 laptops-cols_inherit tablets-cols_inherit mobiles-cols_1 valign_top type_default stacking_default\"><div class=\"wpb_column vc_column_container\"><div class=\"vc_column-inner\"><div class=\"wpb_text_column us_custom_613aedef\"><div class=\"wpb_wrapper\"><p style=\"text-align: center;\">Presupuestos y consultas <strong>sin compromiso<\/strong><\/p>\n<\/div><\/div><div class=\"w-separator size_medium with_line width_30 thick_1 style_solid color_border align_center with_content\"><div class=\"w-separator-h\"><i class=\"far fa-star\"><\/i><\/div><\/div><form class=\"w-form  layout_ver for_cform us_form_1\" autocomplete=\"off\" action=\"https:\/\/hogarius.com\/en\/wp-json\/wp\/v2\/pages\/8909\" method=\"post\"><div class=\"w-form-h\"><div class=\"w-form-row for_text required cols_2\">\r\n\t\t<div class=\"w-form-row-field\">\r\n\t\t\t\t\t\t<input aria-label=\"Nombre\" type=\"text\" name=\"us_form_1_text_1\" value placeholder=\"Nombre *\" data-required=\"true\" aria-required=\"true\"\/>\r\n\t\t\t<\/div>\r\n\t\t<div class=\"w-form-row-state\">Fill out this field<\/div>\r\n<\/div>\r\n<div class=\"w-form-row for_email required cols_2\">\r\n\t\t<div class=\"w-form-row-field\">\r\n\t\t\t\t\t\t<input aria-label=\"Correo electr\u00f3nico\" type=\"email\" name=\"us_form_1_email_1\" value placeholder=\"Correo electr\u00f3nico *\" data-required=\"true\" aria-required=\"true\"\/>\r\n\t\t\t<\/div>\r\n\t\t<div class=\"w-form-row-state\">Please enter a valid email address.<\/div>\r\n<\/div>\r\n<div class=\"w-form-row for_text\">\r\n\t\t<div class=\"w-form-row-field\">\r\n\t\t\t\t\t\t<input aria-label=\"Tel\u00e9fono de contacto\" inputmode=\"tel\" type=\"text\" name=\"us_form_1_text_2\" value placeholder=\"Tel\u00e9fono de contacto\"\/>\r\n\t\t\t<\/div>\r\n\t\t<div class=\"w-form-row-state\">Fill out this field<\/div>\r\n<\/div>\r\n<div class=\"w-form-row for_textarea required\">\r\n\t\t<div class=\"w-form-row-field\">\r\n\t\t\t\t\t\t<textarea aria-label=\"\u00bfEn qu\u00e9 podemos ayudarte?\" name=\"us_form_1_textarea_1\" placeholder=\"\u00bfEn qu\u00e9 podemos ayudarte? *\" data-required=\"true\" aria-required=\"true\"><\/textarea>\r\n\t\t\t<\/div>\r\n\t\t<div class=\"w-form-row-state\">Fill out this field<\/div>\r\n<\/div>\r\n<div class=\"w-form-row for_captcha required\">\r\n\t<div class=\"w-form-row-label\">\r\n\t\t<span> <span>22 - 5 = ?<\/span><\/span>\r\n\t<\/div>\r\n\t<div class=\"w-form-row-field\">\r\n\t\t\t\t<input type=\"hidden\" name=\"us_form_1_captcha_1_hash\" value=\"4acc9d15b0d3cc5252e5b935a49660d7\" \/>\r\n\t\t\t\t<input aria-label=\"Texto\" type=\"text\" name=\"us_form_1_captcha_1\" placeholder=\"Texto\" data-required=\"true\" aria-required=\"true\"\/>\r\n\t\t\t<\/div>\r\n\t\t<div class=\"w-form-row-state\">Enter the equation result to proceed<\/div>\r\n<\/div>\r\n<div class=\"w-form-row for_agreement required\">\r\n\t\t<div class=\"w-form-row-field\">\r\n\t\t\t\t<label>\r\n\t\t\t<input type=\"checkbox\" value=\"1\" data-required=\"true\" aria-required=\"true\" name=\"us_form_1_agreement_1\"\/>\r\n\t\t\t<span> Estoy de acuerdo con el Aviso legal y la Pol\u00edtica de privacidad de este sitio web.<\/span>\r\n\t\t<\/label>\r\n\t\t\t<\/div>\r\n\t\t<div class=\"w-form-row-state\">You need to agree with the terms to proceed<\/div>\r\n<\/div>\r\n<input type=\"hidden\" name=\"action\" value=\"us_ajax_cform\" \/>\r\n<input type=\"hidden\" name=\"post_id\" value=\"0\" \/>\r\n<input type=\"hidden\" name=\"form_index\" value=\"1\" \/>\r\n<div class=\"w-form-row for_submit align_none\">\r\n\t<button class=\"w-btn  us-btn-style_1\" aria-label=\"Submit\" type=\"submit\">\r\n\t\t<span class=\"g-preloader type_1\"><\/span>\r\n\t\t\t\t<span class=\"w-btn-label\">Submit<\/span>\r\n\t\t\t<\/button>\r\n\t<\/div>\r\n<\/div><div class=\"w-form-message\"><\/div><div class=\"w-form-json hidden\" onclick='return {&quot;ajaxurl&quot;:&quot;https:\\\/\\\/hogarius.com\\\/wp-admin\\\/admin-ajax.php&quot;,&quot;messages&quot;:{&quot;err_empty&quot;:&quot;Fill out this field&quot;,&quot;err_size&quot;:&quot;File size cannot exceed %s MB&quot;,&quot;err_extension&quot;:&quot;%s file type is not allowed&quot;}}'><\/div><\/form><\/div><\/div><\/div><\/div><\/section>\n","protected":false},"excerpt":{"rendered":"Cambio de Cerradura Barcelona Urgente\u00bfNecesitas Cambiar tu Cerradura en Barcelona? \u00a1Est\u00e1s en el Lugar Correcto!, Ofrecemos un servicio personalizado que se ajusta a cada uno de nuestros clientes. Atenci\u00f3n inmediata 24 horas. Con\u00f3cenos\u00bfPor qu\u00e9 Cambiar tu Cerradura? La seguridad de tu hogar es esencial. Las cerraduras son el principal mecanismo de defensa contra robos y,...","protected":false},"author":1,"featured_media":0,"parent":0,"menu_order":0,"comment_status":"closed","ping_status":"closed","template":"","meta":{"_joinchat":[],"footnotes":""},"class_list":["post-8909","page","type-page","status-publish","hentry"],"yoast_head":"<!-- This site is optimized with the Yoast SEO plugin v24.8.1 - https:\/\/yoast.com\/wordpress\/plugins\/seo\/ -->\n<title>Cambio de cerradura Barcelona 648879140 - Hogarius<\/title>\n<meta name=\"robots\" content=\"index, follow, max-snippet:-1, max-image-preview:large, max-video-preview:-1\" \/>\n<link rel=\"canonical\" href=\"https:\/\/hogarius.com\/en\/cambio-de-cerradura-barcelona\/\" \/>\n<meta property=\"og:locale\" content=\"en_US\" \/>\n<meta property=\"og:type\" content=\"article\" \/>\n<meta property=\"og:title\" content=\"Cambio de cerradura Barcelona 648879140 - Hogarius\" \/>\n<meta property=\"og:url\" content=\"https:\/\/hogarius.com\/en\/cambio-de-cerradura-barcelona\/\" \/>\n<meta property=\"og:site_name\" content=\"Hogarius\" \/>\n<meta name=\"twitter:card\" content=\"summary_large_image\" \/>\n<meta name=\"twitter:label1\" content=\"Est. reading time\" \/>\n\t<meta name=\"twitter:data1\" content=\"7 minutes\" \/>\n<script type=\"application\/ld+json\" class=\"yoast-schema-graph\">{\"@context\":\"https:\/\/schema.org\",\"@graph\":[{\"@type\":\"WebPage\",\"@id\":\"https:\/\/hogarius.com\/en\/cambio-de-cerradura-barcelona\/\",\"url\":\"https:\/\/hogarius.com\/en\/cambio-de-cerradura-barcelona\/\",\"name\":\"Cambio de cerradura Barcelona 648879140 - Hogarius\",\"isPartOf\":{\"@id\":\"https:\/\/hogarius.com\/en\/#website\"},\"datePublished\":\"2023-10-03T15:39:48+00:00\",\"breadcrumb\":{\"@id\":\"https:\/\/hogarius.com\/en\/cambio-de-cerradura-barcelona\/#breadcrumb\"},\"inLanguage\":\"en-US\",\"potentialAction\":[{\"@type\":\"ReadAction\",\"target\":[\"https:\/\/hogarius.com\/en\/cambio-de-cerradura-barcelona\/\"]}]},{\"@type\":\"BreadcrumbList\",\"@id\":\"https:\/\/hogarius.com\/en\/cambio-de-cerradura-barcelona\/#breadcrumb\",\"itemListElement\":[{\"@type\":\"ListItem\",\"position\":1,\"name\":\"Portada\",\"item\":\"https:\/\/hogarius.com\/en\/\"},{\"@type\":\"ListItem\",\"position\":2,\"name\":\"Cambio de cerradura Barcelona 648879140\"}]},{\"@type\":\"WebSite\",\"@id\":\"https:\/\/hogarius.com\/en\/#website\",\"url\":\"https:\/\/hogarius.com\/en\/\",\"name\":\"Hogarius\",\"description\":\"My WordPress Blog\",\"potentialAction\":[{\"@type\":\"SearchAction\",\"target\":{\"@type\":\"EntryPoint\",\"urlTemplate\":\"https:\/\/hogarius.com\/en\/?s={search_term_string}\"},\"query-input\":{\"@type\":\"PropertyValueSpecification\",\"valueRequired\":true,\"valueName\":\"search_term_string\"}}],\"inLanguage\":\"en-US\"}]}<\/script>\n<!-- \/ Yoast SEO plugin. -->","yoast_head_json":{"title":"Cambio de cerradura Barcelona 648879140 - Hogarius","robots":{"index":"index","follow":"follow","max-snippet":"max-snippet:-1","max-image-preview":"max-image-preview:large","max-video-preview":"max-video-preview:-1"},"canonical":"https:\/\/hogarius.com\/en\/cambio-de-cerradura-barcelona\/","og_locale":"en_US","og_type":"article","og_title":"Cambio de cerradura Barcelona 648879140 - Hogarius","og_url":"https:\/\/hogarius.com\/en\/cambio-de-cerradura-barcelona\/","og_site_name":"Hogarius","twitter_card":"summary_large_image","twitter_misc":{"Est. reading time":"7 minutes"},"schema":{"@context":"https:\/\/schema.org","@graph":[{"@type":"WebPage","@id":"https:\/\/hogarius.com\/en\/cambio-de-cerradura-barcelona\/","url":"https:\/\/hogarius.com\/en\/cambio-de-cerradura-barcelona\/","name":"Cambio de cerradura Barcelona 648879140 - Hogarius","isPartOf":{"@id":"https:\/\/hogarius.com\/en\/#website"},"datePublished":"2023-10-03T15:39:48+00:00","breadcrumb":{"@id":"https:\/\/hogarius.com\/en\/cambio-de-cerradura-barcelona\/#breadcrumb"},"inLanguage":"en-US","potentialAction":[{"@type":"ReadAction","target":["https:\/\/hogarius.com\/en\/cambio-de-cerradura-barcelona\/"]}]},{"@type":"BreadcrumbList","@id":"https:\/\/hogarius.com\/en\/cambio-de-cerradura-barcelona\/#breadcrumb","itemListElement":[{"@type":"ListItem","position":1,"name":"Portada","item":"https:\/\/hogarius.com\/en\/"},{"@type":"ListItem","position":2,"name":"Cambio de cerradura Barcelona 648879140"}]},{"@type":"WebSite","@id":"https:\/\/hogarius.com\/en\/#website","url":"https:\/\/hogarius.com\/en\/","name":"Hogarius","description":"My WordPress Blog","potentialAction":[{"@type":"SearchAction","target":{"@type":"EntryPoint","urlTemplate":"https:\/\/hogarius.com\/en\/?s={search_term_string}"},"query-input":{"@type":"PropertyValueSpecification","valueRequired":true,"valueName":"search_term_string"}}],"inLanguage":"en-US"}]}},"_links":{"self":[{"href":"https:\/\/hogarius.com\/en\/wp-json\/wp\/v2\/pages\/8909","targetHints":{"allow":["GET"]}}],"collection":[{"href":"https:\/\/hogarius.com\/en\/wp-json\/wp\/v2\/pages"}],"about":[{"href":"https:\/\/hogarius.com\/en\/wp-json\/wp\/v2\/types\/page"}],"author":[{"embeddable":true,"href":"https:\/\/hogarius.com\/en\/wp-json\/wp\/v2\/users\/1"}],"replies":[{"embeddable":true,"href":"https:\/\/hogarius.com\/en\/wp-json\/wp\/v2\/comments?post=8909"}],"version-history":[{"count":0,"href":"https:\/\/hogarius.com\/en\/wp-json\/wp\/v2\/pages\/8909\/revisions"}],"wp:attachment":[{"href":"https:\/\/hogarius.com\/en\/wp-json\/wp\/v2\/media?parent=8909"}],"curies":[{"name":"wp","href":"https:\/\/api.w.org\/{rel}","templated":true}]}}